{"id":140,"date":"2024-05-06T15:59:38","date_gmt":"2024-05-06T13:59:38","guid":{"rendered":"https:\/\/hopcoeur.fr\/?page_id=140"},"modified":"2025-04-07T18:32:17","modified_gmt":"2025-04-07T16:32:17","slug":"qui-suis-je","status":"publish","type":"page","link":"https:\/\/hopcoeur.fr\/index.php\/qui-suis-je\/","title":{"rendered":"Qui suis je ?"},"content":{"rendered":"<div class=\"wpb-content-wrapper\"><p>[vc_row unlock_row_content=\u00a0\u00bbyes\u00a0\u00bb row_height_percent=\u00a0\u00bb0&Prime; back_color=\u00a0\u00bbcolor-554681&Prime; overlay_alpha=\u00a0\u00bb50&Prime; gutter_size=\u00a0\u00bb3&Prime; column_width_percent=\u00a0\u00bb100&Prime; shift_y=\u00a0\u00bb0&Prime; z_index=\u00a0\u00bb0&Prime; uncode_shortcode_id=\u00a0\u00bb112192&Prime; back_color_type=\u00a0\u00bbuncode-palette\u00a0\u00bb row_height_pixel=\u00a0\u00bb100&Prime;][vc_column width=\u00a0\u00bb1\/4&Prime;][\/vc_column][vc_column width=\u00a0\u00bb1\/2&Prime;][vc_single_image media=\u00a0\u00bb195&Prime; media_width_percent=\u00a0\u00bb100&Prime; uncode_shortcode_id=\u00a0\u00bb103223&Prime;][\/vc_column][vc_column width=\u00a0\u00bb1\/4&Prime;][\/vc_column][\/vc_row][vc_row unlock_row_content=\u00a0\u00bbyes\u00a0\u00bb row_height_percent=\u00a0\u00bb0&Prime; overlay_alpha=\u00a0\u00bb50&Prime; gutter_size=\u00a0\u00bb0&Prime; column_width_percent=\u00a0\u00bb70&Prime; shift_y=\u00a0\u00bb0&Prime; z_index=\u00a0\u00bb0&Prime; uncode_shortcode_id=\u00a0\u00bb188705&Prime;][vc_column width=\u00a0\u00bb1\/2&Prime;][vc_single_image media=\u00a0\u00bb453&Prime; media_width_percent=\u00a0\u00bb100&Prime; alignment=\u00a0\u00bbcenter\u00a0\u00bb uncode_shortcode_id=\u00a0\u00bb120026&Prime;][\/vc_column][vc_column width=\u00a0\u00bb1\/2&Prime;][vc_column_text uncode_shortcode_id=\u00a0\u00bb503140&Prime;]Apr\u00e8s avoir \u00e9t\u00e9 salari\u00e9e pendant 10 ans en tant que responsable commerciale dans l\u2019industrie du cin\u00e9ma, et apr\u00e8s avoir eu la chance de b\u00e9n\u00e9ficier d&rsquo;un coaching professionnel, je suis devenue entrepreneure : d\u2019abord en co-cr\u00e9ant une application mobile pour retrouver les animaux perdus, puis en devenant multi-franchis\u00e9e <a href=\"https:\/\/www.petits-fils.com\/\"><strong>Petits-fils <\/strong><\/a>(service d\u2019aide \u00e0 domicile pour les personnes \u00e2g\u00e9es), ann\u00e9es pendant lesquelles j\u2019ai g\u00e9r\u00e9 2 agences lyonnaises, manag\u00e9 plusieurs salari\u00e9s en fonctions support et 150 auxiliaires de vie, et accompagn\u00e9 plus de 300 b\u00e9n\u00e9ficiaires et leur famille.<\/p>\n<p>&nbsp;<\/p>\n<p>Aujourd\u2019hui, apr\u00e8s avoir suivi la formation certifiante de coach professionnel chez<strong><a href=\"https:\/\/mozaik.fr\/lecole\/\"> International Mozaik<\/a>,<\/strong> je suis coach en entreprise et formatrice en management.<\/p>\n<p><strong>J\u2019accompagne les dirigeants et les professionnels du m\u00e9dico-social, de la sant\u00e9 et des professions lib\u00e9rales \u00e0 retrouver du souffle, du sens et du leadership dans leur pratique. <\/strong><\/p>\n<p><strong>Gr\u00e2ce \u00e0 une approche unique qui m\u00eale coaching professionnel et transformation manag\u00e9riale, j&rsquo;aide les organisations et les individus \u00e0 passer d&rsquo;un quotidien sous pression \u00e0 une dynamique align\u00e9e, efficace et humaine. <\/strong><\/p>\n<p><strong>Mon moteur ? Voir les gens reprendre confiance et oser leur propre puissance, sans s&rsquo;\u00e9puiser.\u00a0<\/strong><\/p>\n<p>&nbsp;<\/p>\n<p>En tant que b\u00e9n\u00e9vole pour l\u2019association <a href=\"https:\/\/ressort-lyon.fr\/\"><strong>Ressort, <\/strong><\/a>\u00a0j&rsquo;accompagne individuellement les personnes de niveau cadre et\/ou de formation sup\u00e9rieure, confirm\u00e9es ou d\u00e9butantes, en transition d\u2019activit\u00e9 professionnelle \u00e0 :<\/p>\n<ul>\n<li>(Re)devenir auteurs et acteurs de leur\u00a0parcours, et de leur employabilit\u00e9<\/li>\n<li>\u00c9tablir leur bilan personnel et professionnel<\/li>\n<li>Acqu\u00e9rir un savoir-faire dans la conception, la mise en \u0153uvre, et la r\u00e9ussite de leur\u00a0projet professionnel<\/li>\n<li>Construire et d\u00e9velopper leur r\u00e9seau professionnel, ouvert et vivant<\/li>\n<\/ul>\n<p>&nbsp;<\/p>\n<p>Enfin, je suis <strong>Respith\u00e9rapeute<\/strong> (certifi\u00e9e Niveau II), membre de la\u00a0<a href=\"https:\/\/www.respitherapie-academie.com\/\"><strong>(R)<\/strong> Acad\u00e9mie<\/a>, premi\u00e8re \u00e9cole de respiration th\u00e9rapeutique fran\u00e7aise. J\u2019applique une m\u00e9thode d\u2019accompagnement du patient, qui permet d\u2019introduire la respiration contr\u00f4l\u00e9e dans le parcours de soin en pr\u00e9vention sant\u00e9.<\/p>\n<p><strong>Pourquoi apprendre \u00e0 respirer ?\u00a0<\/strong><\/p>\n<p>Parce que la signature respiratoire d&rsquo;un patient est un levier pr\u00e9cieux d&rsquo;identification d&rsquo;un \u00e9tat ou d&rsquo;une pathologie en cours ou \u00e0 venir. Qu&rsquo;elle soit li\u00e9e \u00e0 une insuffisance respiratoire, \u00e0 une d\u00e9ficience cardiovasculaire ou sous l&rsquo;influence d&rsquo;une charge \u00e9motionnelle trop pr\u00e9sente.\u00a0 C&rsquo;est donc apprendre \u00e0 transmettre l&rsquo;engagement d&rsquo;une respiration b\u00e9n\u00e9fique, afin d&rsquo;apaiser, de modifier ou d&rsquo;enrichir l&rsquo;adaptabilit\u00e9 des fonctions vitales du patient, en synchronisation constante avec la respiration. Et ainsi favoriser l&rsquo;\u00e9quilibre du m\u00e9tabolisme profond d&rsquo;un organisme, quel que soit l&rsquo;\u00e2ge de la personne, durablement.[\/vc_column_text][vc_button button_color=\u00a0\u00bbcolor-554681&Prime; radius=\u00a0\u00bbbtn-default-shape\u00a0\u00bb border_width=\u00a0\u00bb1&Prime; uncode_shortcode_id=\u00a0\u00bb115067&Prime; link=\u00a0\u00bburl:https%3A%2F%2Fhopcoeur.fr%2Findex.php%2Fcontact%2F|title:contact\u00a0\u00bb button_color_type=\u00a0\u00bbuncode-palette\u00a0\u00bb]PRENDRE CONTACT[\/vc_button][\/vc_column][\/vc_row]<\/p>\n<\/div>","protected":false},"excerpt":{"rendered":"<p>[vc_row unlock_row_content=\u00a0\u00bbyes\u00a0\u00bb row_height_percent=\u00a0\u00bb0&Prime; back_color=\u00a0\u00bbcolor-554681&Prime; overlay_alpha=\u00a0\u00bb50&Prime; gutter_size=\u00a0\u00bb3&Prime; column_width_percent=\u00a0\u00bb100&Prime; shift_y=\u00a0\u00bb0&Prime; z_index=\u00a0\u00bb0&Prime; uncode_shortcode_id=\u00a0\u00bb112192&Prime; back_color_type=\u00a0\u00bbuncode-palette\u00a0\u00bb row_height_pixel=\u00a0\u00bb100&Prime;][vc_column width=\u00a0\u00bb1\/4&Prime;][\/vc_column][vc_column width=\u00a0\u00bb1\/2&Prime;][vc_single_image media=\u00a0\u00bb195&Prime; media_width_percent=\u00a0\u00bb100&Prime; uncode_shortcode_id=\u00a0\u00bb103223&Prime;][\/vc_column][vc_column width=\u00a0\u00bb1\/4&Prime;][\/vc_column][\/vc_row][vc_row unlock_row_content=\u00a0\u00bbyes\u00a0\u00bb row_height_percent=\u00a0\u00bb0&Prime; [&hellip;]<\/p>\n","protected":false},"author":1,"featured_media":0,"parent":0,"menu_order":0,"comment_status":"closed","ping_status":"closed","template":"","meta":{"footnotes":""},"class_list":["post-140","page","type-page","status-publish","hentry"],"yoast_head":"<!-- This site is optimized with the Yoast SEO plugin v25.0 - https:\/\/yoast.com\/wordpress\/plugins\/seo\/ -->\n<title>Qui suis je ? - HOPCOEUR<\/title>\n<meta name=\"robots\" content=\"index, follow, max-snippet:-1, max-image-preview:large, max-video-preview:-1\" \/>\n<link rel=\"canonical\" href=\"https:\/\/hopcoeur.fr\/index.php\/qui-suis-je\/\" \/>\n<meta property=\"og:locale\" content=\"fr_FR\" \/>\n<meta property=\"og:type\" content=\"article\" \/>\n<meta property=\"og:title\" content=\"Qui suis je ? - HOPCOEUR\" \/>\n<meta property=\"og:description\" content=\"[vc_row unlock_row_content=\u00a0\u00bbyes\u00a0\u00bb row_height_percent=\u00a0\u00bb0&Prime; back_color=\u00a0\u00bbcolor-554681&Prime; overlay_alpha=\u00a0\u00bb50&Prime; gutter_size=\u00a0\u00bb3&Prime; column_width_percent=\u00a0\u00bb100&Prime; shift_y=\u00a0\u00bb0&Prime; z_index=\u00a0\u00bb0&Prime; uncode_shortcode_id=\u00a0\u00bb112192&Prime; back_color_type=\u00a0\u00bbuncode-palette\u00a0\u00bb row_height_pixel=\u00a0\u00bb100&Prime;][vc_column width=\u00a0\u00bb1\/4&Prime;][\/vc_column][vc_column width=\u00a0\u00bb1\/2&Prime;][vc_single_image media=\u00a0\u00bb195&Prime; media_width_percent=\u00a0\u00bb100&Prime; uncode_shortcode_id=\u00a0\u00bb103223&Prime;][\/vc_column][vc_column width=\u00a0\u00bb1\/4&Prime;][\/vc_column][\/vc_row][vc_row unlock_row_content=\u00a0\u00bbyes\u00a0\u00bb row_height_percent=\u00a0\u00bb0&Prime; [&hellip;]\" \/>\n<meta property=\"og:url\" content=\"https:\/\/hopcoeur.fr\/index.php\/qui-suis-je\/\" \/>\n<meta property=\"og:site_name\" content=\"HOPCOEUR\" \/>\n<meta property=\"article:modified_time\" content=\"2025-04-07T16:32:17+00:00\" \/>\n<meta name=\"twitter:card\" content=\"summary_large_image\" \/>\n<meta name=\"twitter:label1\" content=\"Dur\u00e9e de lecture estim\u00e9e\" \/>\n\t<meta name=\"twitter:data1\" content=\"3 minutes\" \/>\n<script type=\"application\/ld+json\" class=\"yoast-schema-graph\">{\"@context\":\"https:\/\/schema.org\",\"@graph\":[{\"@type\":\"WebPage\",\"@id\":\"https:\/\/hopcoeur.fr\/index.php\/qui-suis-je\/\",\"url\":\"https:\/\/hopcoeur.fr\/index.php\/qui-suis-je\/\",\"name\":\"Qui suis je ? - HOPCOEUR\",\"isPartOf\":{\"@id\":\"https:\/\/hopcoeur.fr\/#website\"},\"datePublished\":\"2024-05-06T13:59:38+00:00\",\"dateModified\":\"2025-04-07T16:32:17+00:00\",\"breadcrumb\":{\"@id\":\"https:\/\/hopcoeur.fr\/index.php\/qui-suis-je\/#breadcrumb\"},\"inLanguage\":\"fr-FR\",\"potentialAction\":[{\"@type\":\"ReadAction\",\"target\":[\"https:\/\/hopcoeur.fr\/index.php\/qui-suis-je\/\"]}]},{\"@type\":\"BreadcrumbList\",\"@id\":\"https:\/\/hopcoeur.fr\/index.php\/qui-suis-je\/#breadcrumb\",\"itemListElement\":[{\"@type\":\"ListItem\",\"position\":1,\"name\":\"Accueil\",\"item\":\"https:\/\/hopcoeur.fr\/\"},{\"@type\":\"ListItem\",\"position\":2,\"name\":\"Qui suis je ?\"}]},{\"@type\":\"WebSite\",\"@id\":\"https:\/\/hopcoeur.fr\/#website\",\"url\":\"https:\/\/hopcoeur.fr\/\",\"name\":\"HOPCOEUR\",\"description\":\"accompagnement et coaching pour les professionnels\",\"publisher\":{\"@id\":\"https:\/\/hopcoeur.fr\/#organization\"},\"potentialAction\":[{\"@type\":\"SearchAction\",\"target\":{\"@type\":\"EntryPoint\",\"urlTemplate\":\"https:\/\/hopcoeur.fr\/?s={search_term_string}\"},\"query-input\":{\"@type\":\"PropertyValueSpecification\",\"valueRequired\":true,\"valueName\":\"search_term_string\"}}],\"inLanguage\":\"fr-FR\"},{\"@type\":\"Organization\",\"@id\":\"https:\/\/hopcoeur.fr\/#organization\",\"name\":\"HOPCOEUR\",\"url\":\"https:\/\/hopcoeur.fr\/\",\"logo\":{\"@type\":\"ImageObject\",\"inLanguage\":\"fr-FR\",\"@id\":\"https:\/\/hopcoeur.fr\/#\/schema\/logo\/image\/\",\"url\":\"https:\/\/hopcoeur.fr\/wp-content\/uploads\/2025\/03\/logo-WP.jpg\",\"contentUrl\":\"https:\/\/hopcoeur.fr\/wp-content\/uploads\/2025\/03\/logo-WP.jpg\",\"width\":500,\"height\":500,\"caption\":\"HOPCOEUR\"},\"image\":{\"@id\":\"https:\/\/hopcoeur.fr\/#\/schema\/logo\/image\/\"}}]}<\/script>\n<!-- \/ Yoast SEO plugin. -->","yoast_head_json":{"title":"Qui suis je ? - HOPCOEUR","robots":{"index":"index","follow":"follow","max-snippet":"max-snippet:-1","max-image-preview":"max-image-preview:large","max-video-preview":"max-video-preview:-1"},"canonical":"https:\/\/hopcoeur.fr\/index.php\/qui-suis-je\/","og_locale":"fr_FR","og_type":"article","og_title":"Qui suis je ? - HOPCOEUR","og_description":"[vc_row unlock_row_content=\u00a0\u00bbyes\u00a0\u00bb row_height_percent=\u00a0\u00bb0&Prime; back_color=\u00a0\u00bbcolor-554681&Prime; overlay_alpha=\u00a0\u00bb50&Prime; gutter_size=\u00a0\u00bb3&Prime; column_width_percent=\u00a0\u00bb100&Prime; shift_y=\u00a0\u00bb0&Prime; z_index=\u00a0\u00bb0&Prime; uncode_shortcode_id=\u00a0\u00bb112192&Prime; back_color_type=\u00a0\u00bbuncode-palette\u00a0\u00bb row_height_pixel=\u00a0\u00bb100&Prime;][vc_column width=\u00a0\u00bb1\/4&Prime;][\/vc_column][vc_column width=\u00a0\u00bb1\/2&Prime;][vc_single_image media=\u00a0\u00bb195&Prime; media_width_percent=\u00a0\u00bb100&Prime; uncode_shortcode_id=\u00a0\u00bb103223&Prime;][\/vc_column][vc_column width=\u00a0\u00bb1\/4&Prime;][\/vc_column][\/vc_row][vc_row unlock_row_content=\u00a0\u00bbyes\u00a0\u00bb row_height_percent=\u00a0\u00bb0&Prime; [&hellip;]","og_url":"https:\/\/hopcoeur.fr\/index.php\/qui-suis-je\/","og_site_name":"HOPCOEUR","article_modified_time":"2025-04-07T16:32:17+00:00","twitter_card":"summary_large_image","twitter_misc":{"Dur\u00e9e de lecture estim\u00e9e":"3 minutes"},"schema":{"@context":"https:\/\/schema.org","@graph":[{"@type":"WebPage","@id":"https:\/\/hopcoeur.fr\/index.php\/qui-suis-je\/","url":"https:\/\/hopcoeur.fr\/index.php\/qui-suis-je\/","name":"Qui suis je ? - HOPCOEUR","isPartOf":{"@id":"https:\/\/hopcoeur.fr\/#website"},"datePublished":"2024-05-06T13:59:38+00:00","dateModified":"2025-04-07T16:32:17+00:00","breadcrumb":{"@id":"https:\/\/hopcoeur.fr\/index.php\/qui-suis-je\/#breadcrumb"},"inLanguage":"fr-FR","potentialAction":[{"@type":"ReadAction","target":["https:\/\/hopcoeur.fr\/index.php\/qui-suis-je\/"]}]},{"@type":"BreadcrumbList","@id":"https:\/\/hopcoeur.fr\/index.php\/qui-suis-je\/#breadcrumb","itemListElement":[{"@type":"ListItem","position":1,"name":"Accueil","item":"https:\/\/hopcoeur.fr\/"},{"@type":"ListItem","position":2,"name":"Qui suis je ?"}]},{"@type":"WebSite","@id":"https:\/\/hopcoeur.fr\/#website","url":"https:\/\/hopcoeur.fr\/","name":"HOPCOEUR","description":"accompagnement et coaching pour les professionnels","publisher":{"@id":"https:\/\/hopcoeur.fr\/#organization"},"potentialAction":[{"@type":"SearchAction","target":{"@type":"EntryPoint","urlTemplate":"https:\/\/hopcoeur.fr\/?s={search_term_string}"},"query-input":{"@type":"PropertyValueSpecification","valueRequired":true,"valueName":"search_term_string"}}],"inLanguage":"fr-FR"},{"@type":"Organization","@id":"https:\/\/hopcoeur.fr\/#organization","name":"HOPCOEUR","url":"https:\/\/hopcoeur.fr\/","logo":{"@type":"ImageObject","inLanguage":"fr-FR","@id":"https:\/\/hopcoeur.fr\/#\/schema\/logo\/image\/","url":"https:\/\/hopcoeur.fr\/wp-content\/uploads\/2025\/03\/logo-WP.jpg","contentUrl":"https:\/\/hopcoeur.fr\/wp-content\/uploads\/2025\/03\/logo-WP.jpg","width":500,"height":500,"caption":"HOPCOEUR"},"image":{"@id":"https:\/\/hopcoeur.fr\/#\/schema\/logo\/image\/"}}]}},"_links":{"self":[{"href":"https:\/\/hopcoeur.fr\/index.php\/wp-json\/wp\/v2\/pages\/140","targetHints":{"allow":["GET"]}}],"collection":[{"href":"https:\/\/hopcoeur.fr\/index.php\/wp-json\/wp\/v2\/pages"}],"about":[{"href":"https:\/\/hopcoeur.fr\/index.php\/wp-json\/wp\/v2\/types\/page"}],"author":[{"embeddable":true,"href":"https:\/\/hopcoeur.fr\/index.php\/wp-json\/wp\/v2\/users\/1"}],"replies":[{"embeddable":true,"href":"https:\/\/hopcoeur.fr\/index.php\/wp-json\/wp\/v2\/comments?post=140"}],"version-history":[{"count":29,"href":"https:\/\/hopcoeur.fr\/index.php\/wp-json\/wp\/v2\/pages\/140\/revisions"}],"predecessor-version":[{"id":490,"href":"https:\/\/hopcoeur.fr\/index.php\/wp-json\/wp\/v2\/pages\/140\/revisions\/490"}],"wp:attachment":[{"href":"https:\/\/hopcoeur.fr\/index.php\/wp-json\/wp\/v2\/media?parent=140"}],"curies":[{"name":"wp","href":"https:\/\/api.w.org\/{rel}","templated":true}]}}