{"id":144,"date":"2024-05-06T16:00:43","date_gmt":"2024-05-06T14:00:43","guid":{"rendered":"https:\/\/hopcoeur.fr\/?page_id=144"},"modified":"2024-05-15T11:47:38","modified_gmt":"2024-05-15T09:47:38","slug":"coaching-individuel","status":"publish","type":"page","link":"https:\/\/hopcoeur.fr\/index.php\/coaching-individuel\/","title":{"rendered":"coaching individuel"},"content":{"rendered":"<div class=\"wpb-content-wrapper\"><p>[vc_row unlock_row_content=\u00a0\u00bbyes\u00a0\u00bb row_height_percent=\u00a0\u00bb0&Prime; back_color=\u00a0\u00bbcolor-554681&Prime; overlay_alpha=\u00a0\u00bb50&Prime; gutter_size=\u00a0\u00bb3&Prime; column_width_percent=\u00a0\u00bb100&Prime; shift_y=\u00a0\u00bb0&Prime; z_index=\u00a0\u00bb0&Prime; uncode_shortcode_id=\u00a0\u00bb118128&Prime; back_color_type=\u00a0\u00bbuncode-palette\u00a0\u00bb][vc_column width=\u00a0\u00bb1\/4&Prime;][\/vc_column][vc_column width=\u00a0\u00bb1\/2&Prime;][vc_single_image media=\u00a0\u00bb159&Prime; media_width_percent=\u00a0\u00bb100&Prime; uncode_shortcode_id=\u00a0\u00bb909364&Prime;][\/vc_column][vc_column width=\u00a0\u00bb1\/4&Prime;][\/vc_column][\/vc_row][vc_row unlock_row_content=\u00a0\u00bbyes\u00a0\u00bb row_height_percent=\u00a0\u00bb0&Prime; back_color=\u00a0\u00bbcolor-gyho\u00a0\u00bb overlay_alpha=\u00a0\u00bb50&Prime; gutter_size=\u00a0\u00bb3&Prime; column_width_percent=\u00a0\u00bb70&Prime; shift_y=\u00a0\u00bb0&Prime; z_index=\u00a0\u00bb0&Prime; uncode_shortcode_id=\u00a0\u00bb201658&Prime; back_color_type=\u00a0\u00bbuncode-palette\u00a0\u00bb][vc_column width=\u00a0\u00bb1\/2&Prime;][vc_single_image media=\u00a0\u00bb285&Prime; media_width_percent=\u00a0\u00bb100&Prime; uncode_shortcode_id=\u00a0\u00bb163994&Prime;][\/vc_column][vc_column width=\u00a0\u00bb1\/2&Prime;][vc_single_image media=\u00a0\u00bb94&Prime; media_width_percent=\u00a0\u00bb90&Prime; alignment=\u00a0\u00bbcenter\u00a0\u00bb uncode_shortcode_id=\u00a0\u00bb669407&Prime;][vc_column_text uncode_shortcode_id=\u00a0\u00bb467690&Prime;]<strong>Il arrive un moment de sa vie o\u00f9 on a envie de poser cartes sur table et d\u2019\u00eatre en coh\u00e9rence avec nos valeurs et construire un projet professionnel qui nous ressemble. <\/strong>Pour cela, il faut s\u2019ouvrir \u00e0 toutes les possibilit\u00e9s, se rem\u00e9morer ses r\u00eaves d\u2019enfants, s\u2019interroger sur ses talents, pour retrouver l\u2019envie et la prise de risque.<\/p>\n<p><strong>Le coaching individuel permet de s\u2019autoriser \u00e0 investiguer toutes les pistes.<\/strong><\/p>\n<p>Je vous accompagne \u00e0 identifier vos sensations, vos pens\u00e9es, vos croyances en cr\u00e9ant une relation interpersonnelle privil\u00e9gi\u00e9e pour avancer ensemble dans l\u2019inconnu.<\/p>\n<p><strong>Le coach\u00e9, c\u2019est celui qui sait\u00a0<\/strong><\/p>\n<p>C\u2019est un travail de lecture approfondie de sa vie professionnelle et personnelle. On d\u00e9couvre quelles sont les forces, les moments de bonheur et de difficult\u00e9s dans son parcours. On travaille sur son d\u00e9sir profond, ses valeurs, ses peurs, ses blocages. En ayant repris confiance on ose aller n\u00e9gocier quelque chose qui nous convient mieux.<\/p>\n<p><strong>Tout est toujours plus clair quand on sait d\u2019o\u00f9 l\u2019on vient\u00a0!<\/strong>[\/vc_column_text][\/vc_column][\/vc_row][vc_row unlock_row_content=\u00a0\u00bbyes\u00a0\u00bb row_height_percent=\u00a0\u00bb0&Prime; back_color=\u00a0\u00bbcolor-xsdn\u00a0\u00bb overlay_alpha=\u00a0\u00bb50&Prime; gutter_size=\u00a0\u00bb3&Prime; column_width_percent=\u00a0\u00bb70&Prime; shift_y=\u00a0\u00bb0&Prime; z_index=\u00a0\u00bb0&Prime; uncode_shortcode_id=\u00a0\u00bb453080&Prime; back_color_type=\u00a0\u00bbuncode-palette\u00a0\u00bb][vc_column width=\u00a0\u00bb1\/2&Prime;][vc_empty_space][vc_single_image media=\u00a0\u00bb289&Prime; media_width_percent=\u00a0\u00bb90&Prime; alignment=\u00a0\u00bbcenter\u00a0\u00bb uncode_shortcode_id=\u00a0\u00bb456403&Prime;][vc_column_text uncode_shortcode_id=\u00a0\u00bb148686&Prime;]<strong>L\u2019accompagnement individualise\u0301 ou coaching est un processus cr\u00e9atif de responsabilisation permettant a\u0300 la personne d\u2019apprendre a\u0300 trouver de nouvelles solutions qui lui correspondent et mettre en pratique des outils manag\u00e9riaux.<\/strong><br \/>\nLe consultant s\u2019implique autant que son client dans le processus d\u2019apprentissage. C\u2019est une relation privil\u00e9gi\u00e9e entre deux personnes : un consultant et son client, la confiance entre les deux est essentielle.<\/p>\n<p>Le temps de coaching est \u00e9chelonn\u00e9 sur plusieurs mois (6 mois a\u0300 un an maximum).<br \/>\nSes modalit\u00e9s sp\u00e9cifiques se construisent au fur et a\u0300 mesure, en fonction du contexte et de la r\u00e9alisation de chaque \u00e9tape : des moments d&rsquo;\u00e9changes et de r\u00e9gulation permettent de s&rsquo;ajuster en permanence a\u0300 l&rsquo;\u00e9volution de la situation.<\/p>\n<p><strong>Le coach s\u2019engage a\u0300 la confidentialit\u00e9 sur le d\u00e9roulement de l\u2019accompagnement et a\u0300 respecter les codes de d\u00e9ontologie de l\u2019ICF et de la SF Coach.<\/strong>[\/vc_column_text][\/vc_column][vc_column width=\u00a0\u00bb1\/2&Prime;][vc_single_image media=\u00a0\u00bb292&Prime; media_width_percent=\u00a0\u00bb100&Prime; uncode_shortcode_id=\u00a0\u00bb123111&Prime;][\/vc_column][\/vc_row][vc_row][vc_column width=\u00a0\u00bb1\/1&Prime;][vc_empty_space empty_h=\u00a0\u00bb2&Prime;][\/vc_column][\/vc_row][vc_row unlock_row_content=\u00a0\u00bbyes\u00a0\u00bb row_height_percent=\u00a0\u00bb0&Prime; back_color=\u00a0\u00bbcolor-gyho\u00a0\u00bb overlay_alpha=\u00a0\u00bb50&Prime; gutter_size=\u00a0\u00bb3&Prime; column_width_percent=\u00a0\u00bb100&Prime; shift_y=\u00a0\u00bb0&Prime; z_index=\u00a0\u00bb0&Prime; uncode_shortcode_id=\u00a0\u00bb962604&Prime; back_color_type=\u00a0\u00bbuncode-palette\u00a0\u00bb][vc_column width=\u00a0\u00bb1\/2&Prime;][vc_column_text uncode_shortcode_id=\u00a0\u00bb470384&Prime;]<\/p>\n<p style=\"text-align: right;\"><strong>Pour plus <\/strong><strong>d&rsquo;informations<\/strong><\/p>\n<p>[\/vc_column_text][\/vc_column][vc_column width=\u00a0\u00bb1\/2&Prime;][vc_button button_color=\u00a0\u00bbcolor-554681&Prime; size=\u00a0\u00bbbtn-lg\u00a0\u00bb border_width=\u00a0\u00bb0&Prime; link=\u00a0\u00bburl:https%3A%2F%2Fhopcoeur.fr%2Findex.php%2Fcontact%2F|title:contact\u00a0\u00bb button_color_type=\u00a0\u00bbuncode-palette\u00a0\u00bb uncode_shortcode_id=\u00a0\u00bb190676&Prime;]CONTACTEZ-NOUS[\/vc_button][\/vc_column][\/vc_row]<\/p>\n<\/div>","protected":false},"excerpt":{"rendered":"<p>[vc_row unlock_row_content=\u00a0\u00bbyes\u00a0\u00bb row_height_percent=\u00a0\u00bb0&Prime; back_color=\u00a0\u00bbcolor-554681&Prime; overlay_alpha=\u00a0\u00bb50&Prime; gutter_size=\u00a0\u00bb3&Prime; column_width_percent=\u00a0\u00bb100&Prime; shift_y=\u00a0\u00bb0&Prime; z_index=\u00a0\u00bb0&Prime; uncode_shortcode_id=\u00a0\u00bb118128&Prime; back_color_type=\u00a0\u00bbuncode-palette\u00a0\u00bb][vc_column width=\u00a0\u00bb1\/4&Prime;][\/vc_column][vc_column width=\u00a0\u00bb1\/2&Prime;][vc_single_image media=\u00a0\u00bb159&Prime; media_width_percent=\u00a0\u00bb100&Prime; uncode_shortcode_id=\u00a0\u00bb909364&Prime;][\/vc_column][vc_column width=\u00a0\u00bb1\/4&Prime;][\/vc_column][\/vc_row][vc_row unlock_row_content=\u00a0\u00bbyes\u00a0\u00bb row_height_percent=\u00a0\u00bb0&Prime; back_color=\u00a0\u00bbcolor-gyho\u00a0\u00bb [&hellip;]<\/p>\n","protected":false},"author":1,"featured_media":0,"parent":0,"menu_order":0,"comment_status":"closed","ping_status":"closed","template":"","meta":{"footnotes":""},"class_list":["post-144","page","type-page","status-publish","hentry"],"yoast_head":"<!-- This site is optimized with the Yoast SEO plugin v25.0 - https:\/\/yoast.com\/wordpress\/plugins\/seo\/ -->\n<title>coaching individuel - HOPCOEUR<\/title>\n<meta name=\"robots\" content=\"index, follow, max-snippet:-1, max-image-preview:large, max-video-preview:-1\" \/>\n<link rel=\"canonical\" href=\"https:\/\/hopcoeur.fr\/index.php\/coaching-individuel\/\" \/>\n<meta property=\"og:locale\" content=\"fr_FR\" \/>\n<meta property=\"og:type\" content=\"article\" \/>\n<meta property=\"og:title\" content=\"coaching individuel - HOPCOEUR\" \/>\n<meta property=\"og:description\" content=\"[vc_row unlock_row_content=\u00a0\u00bbyes\u00a0\u00bb row_height_percent=\u00a0\u00bb0&Prime; back_color=\u00a0\u00bbcolor-554681&Prime; overlay_alpha=\u00a0\u00bb50&Prime; gutter_size=\u00a0\u00bb3&Prime; column_width_percent=\u00a0\u00bb100&Prime; shift_y=\u00a0\u00bb0&Prime; z_index=\u00a0\u00bb0&Prime; uncode_shortcode_id=\u00a0\u00bb118128&Prime; back_color_type=\u00a0\u00bbuncode-palette\u00a0\u00bb][vc_column width=\u00a0\u00bb1\/4&Prime;][\/vc_column][vc_column width=\u00a0\u00bb1\/2&Prime;][vc_single_image media=\u00a0\u00bb159&Prime; media_width_percent=\u00a0\u00bb100&Prime; uncode_shortcode_id=\u00a0\u00bb909364&Prime;][\/vc_column][vc_column width=\u00a0\u00bb1\/4&Prime;][\/vc_column][\/vc_row][vc_row unlock_row_content=\u00a0\u00bbyes\u00a0\u00bb row_height_percent=\u00a0\u00bb0&Prime; back_color=\u00a0\u00bbcolor-gyho\u00a0\u00bb [&hellip;]\" \/>\n<meta property=\"og:url\" content=\"https:\/\/hopcoeur.fr\/index.php\/coaching-individuel\/\" \/>\n<meta property=\"og:site_name\" content=\"HOPCOEUR\" \/>\n<meta property=\"article:modified_time\" content=\"2024-05-15T09:47:38+00:00\" \/>\n<meta name=\"twitter:card\" content=\"summary_large_image\" \/>\n<meta name=\"twitter:label1\" content=\"Dur\u00e9e de lecture estim\u00e9e\" \/>\n\t<meta name=\"twitter:data1\" content=\"3 minutes\" \/>\n<script type=\"application\/ld+json\" class=\"yoast-schema-graph\">{\"@context\":\"https:\/\/schema.org\",\"@graph\":[{\"@type\":\"WebPage\",\"@id\":\"https:\/\/hopcoeur.fr\/index.php\/coaching-individuel\/\",\"url\":\"https:\/\/hopcoeur.fr\/index.php\/coaching-individuel\/\",\"name\":\"coaching individuel - HOPCOEUR\",\"isPartOf\":{\"@id\":\"https:\/\/hopcoeur.fr\/#website\"},\"datePublished\":\"2024-05-06T14:00:43+00:00\",\"dateModified\":\"2024-05-15T09:47:38+00:00\",\"breadcrumb\":{\"@id\":\"https:\/\/hopcoeur.fr\/index.php\/coaching-individuel\/#breadcrumb\"},\"inLanguage\":\"fr-FR\",\"potentialAction\":[{\"@type\":\"ReadAction\",\"target\":[\"https:\/\/hopcoeur.fr\/index.php\/coaching-individuel\/\"]}]},{\"@type\":\"BreadcrumbList\",\"@id\":\"https:\/\/hopcoeur.fr\/index.php\/coaching-individuel\/#breadcrumb\",\"itemListElement\":[{\"@type\":\"ListItem\",\"position\":1,\"name\":\"Accueil\",\"item\":\"https:\/\/hopcoeur.fr\/\"},{\"@type\":\"ListItem\",\"position\":2,\"name\":\"coaching individuel\"}]},{\"@type\":\"WebSite\",\"@id\":\"https:\/\/hopcoeur.fr\/#website\",\"url\":\"https:\/\/hopcoeur.fr\/\",\"name\":\"HOPCOEUR\",\"description\":\"accompagnement et coaching pour les professionnels\",\"publisher\":{\"@id\":\"https:\/\/hopcoeur.fr\/#organization\"},\"potentialAction\":[{\"@type\":\"SearchAction\",\"target\":{\"@type\":\"EntryPoint\",\"urlTemplate\":\"https:\/\/hopcoeur.fr\/?s={search_term_string}\"},\"query-input\":{\"@type\":\"PropertyValueSpecification\",\"valueRequired\":true,\"valueName\":\"search_term_string\"}}],\"inLanguage\":\"fr-FR\"},{\"@type\":\"Organization\",\"@id\":\"https:\/\/hopcoeur.fr\/#organization\",\"name\":\"HOPCOEUR\",\"url\":\"https:\/\/hopcoeur.fr\/\",\"logo\":{\"@type\":\"ImageObject\",\"inLanguage\":\"fr-FR\",\"@id\":\"https:\/\/hopcoeur.fr\/#\/schema\/logo\/image\/\",\"url\":\"https:\/\/hopcoeur.fr\/wp-content\/uploads\/2025\/03\/logo-WP.jpg\",\"contentUrl\":\"https:\/\/hopcoeur.fr\/wp-content\/uploads\/2025\/03\/logo-WP.jpg\",\"width\":500,\"height\":500,\"caption\":\"HOPCOEUR\"},\"image\":{\"@id\":\"https:\/\/hopcoeur.fr\/#\/schema\/logo\/image\/\"}}]}<\/script>\n<!-- \/ Yoast SEO plugin. -->","yoast_head_json":{"title":"coaching individuel - HOPCOEUR","robots":{"index":"index","follow":"follow","max-snippet":"max-snippet:-1","max-image-preview":"max-image-preview:large","max-video-preview":"max-video-preview:-1"},"canonical":"https:\/\/hopcoeur.fr\/index.php\/coaching-individuel\/","og_locale":"fr_FR","og_type":"article","og_title":"coaching individuel - HOPCOEUR","og_description":"[vc_row unlock_row_content=\u00a0\u00bbyes\u00a0\u00bb row_height_percent=\u00a0\u00bb0&Prime; back_color=\u00a0\u00bbcolor-554681&Prime; overlay_alpha=\u00a0\u00bb50&Prime; gutter_size=\u00a0\u00bb3&Prime; column_width_percent=\u00a0\u00bb100&Prime; shift_y=\u00a0\u00bb0&Prime; z_index=\u00a0\u00bb0&Prime; uncode_shortcode_id=\u00a0\u00bb118128&Prime; back_color_type=\u00a0\u00bbuncode-palette\u00a0\u00bb][vc_column width=\u00a0\u00bb1\/4&Prime;][\/vc_column][vc_column width=\u00a0\u00bb1\/2&Prime;][vc_single_image media=\u00a0\u00bb159&Prime; media_width_percent=\u00a0\u00bb100&Prime; uncode_shortcode_id=\u00a0\u00bb909364&Prime;][\/vc_column][vc_column width=\u00a0\u00bb1\/4&Prime;][\/vc_column][\/vc_row][vc_row unlock_row_content=\u00a0\u00bbyes\u00a0\u00bb row_height_percent=\u00a0\u00bb0&Prime; back_color=\u00a0\u00bbcolor-gyho\u00a0\u00bb [&hellip;]","og_url":"https:\/\/hopcoeur.fr\/index.php\/coaching-individuel\/","og_site_name":"HOPCOEUR","article_modified_time":"2024-05-15T09:47:38+00:00","twitter_card":"summary_large_image","twitter_misc":{"Dur\u00e9e de lecture estim\u00e9e":"3 minutes"},"schema":{"@context":"https:\/\/schema.org","@graph":[{"@type":"WebPage","@id":"https:\/\/hopcoeur.fr\/index.php\/coaching-individuel\/","url":"https:\/\/hopcoeur.fr\/index.php\/coaching-individuel\/","name":"coaching individuel - HOPCOEUR","isPartOf":{"@id":"https:\/\/hopcoeur.fr\/#website"},"datePublished":"2024-05-06T14:00:43+00:00","dateModified":"2024-05-15T09:47:38+00:00","breadcrumb":{"@id":"https:\/\/hopcoeur.fr\/index.php\/coaching-individuel\/#breadcrumb"},"inLanguage":"fr-FR","potentialAction":[{"@type":"ReadAction","target":["https:\/\/hopcoeur.fr\/index.php\/coaching-individuel\/"]}]},{"@type":"BreadcrumbList","@id":"https:\/\/hopcoeur.fr\/index.php\/coaching-individuel\/#breadcrumb","itemListElement":[{"@type":"ListItem","position":1,"name":"Accueil","item":"https:\/\/hopcoeur.fr\/"},{"@type":"ListItem","position":2,"name":"coaching individuel"}]},{"@type":"WebSite","@id":"https:\/\/hopcoeur.fr\/#website","url":"https:\/\/hopcoeur.fr\/","name":"HOPCOEUR","description":"accompagnement et coaching pour les professionnels","publisher":{"@id":"https:\/\/hopcoeur.fr\/#organization"},"potentialAction":[{"@type":"SearchAction","target":{"@type":"EntryPoint","urlTemplate":"https:\/\/hopcoeur.fr\/?s={search_term_string}"},"query-input":{"@type":"PropertyValueSpecification","valueRequired":true,"valueName":"search_term_string"}}],"inLanguage":"fr-FR"},{"@type":"Organization","@id":"https:\/\/hopcoeur.fr\/#organization","name":"HOPCOEUR","url":"https:\/\/hopcoeur.fr\/","logo":{"@type":"ImageObject","inLanguage":"fr-FR","@id":"https:\/\/hopcoeur.fr\/#\/schema\/logo\/image\/","url":"https:\/\/hopcoeur.fr\/wp-content\/uploads\/2025\/03\/logo-WP.jpg","contentUrl":"https:\/\/hopcoeur.fr\/wp-content\/uploads\/2025\/03\/logo-WP.jpg","width":500,"height":500,"caption":"HOPCOEUR"},"image":{"@id":"https:\/\/hopcoeur.fr\/#\/schema\/logo\/image\/"}}]}},"_links":{"self":[{"href":"https:\/\/hopcoeur.fr\/index.php\/wp-json\/wp\/v2\/pages\/144","targetHints":{"allow":["GET"]}}],"collection":[{"href":"https:\/\/hopcoeur.fr\/index.php\/wp-json\/wp\/v2\/pages"}],"about":[{"href":"https:\/\/hopcoeur.fr\/index.php\/wp-json\/wp\/v2\/types\/page"}],"author":[{"embeddable":true,"href":"https:\/\/hopcoeur.fr\/index.php\/wp-json\/wp\/v2\/users\/1"}],"replies":[{"embeddable":true,"href":"https:\/\/hopcoeur.fr\/index.php\/wp-json\/wp\/v2\/comments?post=144"}],"version-history":[{"count":21,"href":"https:\/\/hopcoeur.fr\/index.php\/wp-json\/wp\/v2\/pages\/144\/revisions"}],"predecessor-version":[{"id":381,"href":"https:\/\/hopcoeur.fr\/index.php\/wp-json\/wp\/v2\/pages\/144\/revisions\/381"}],"wp:attachment":[{"href":"https:\/\/hopcoeur.fr\/index.php\/wp-json\/wp\/v2\/media?parent=144"}],"curies":[{"name":"wp","href":"https:\/\/api.w.org\/{rel}","templated":true}]}}