{"id":28,"date":"2024-04-30T10:54:55","date_gmt":"2024-04-30T08:54:55","guid":{"rendered":"https:\/\/hopcoeur.fr\/?page_id=28"},"modified":"2025-04-07T18:17:16","modified_gmt":"2025-04-07T16:17:16","slug":"home","status":"publish","type":"page","link":"https:\/\/hopcoeur.fr\/","title":{"rendered":"home"},"content":{"rendered":"<div class=\"wpb-content-wrapper\"><p>[vc_row unlock_row_content=\u00a0\u00bbyes\u00a0\u00bb row_height_percent=\u00a0\u00bb0&Prime; back_color=\u00a0\u00bbcolor-554681&Prime; overlay_alpha=\u00a0\u00bb50&Prime; gutter_size=\u00a0\u00bb3&Prime; column_width_percent=\u00a0\u00bb100&Prime; shift_y=\u00a0\u00bb0&Prime; z_index=\u00a0\u00bb0&Prime; uncode_shortcode_id=\u00a0\u00bb134241&Prime; back_color_type=\u00a0\u00bbuncode-palette\u00a0\u00bb][vc_column width=\u00a0\u00bb1\/1&Prime;][vc_single_image media=\u00a0\u00bb273&Prime; media_width_percent=\u00a0\u00bb100&Prime; alignment=\u00a0\u00bbcenter\u00a0\u00bb uncode_shortcode_id=\u00a0\u00bb942486&Prime;][\/vc_column][\/vc_row][vc_row unlock_row_content=\u00a0\u00bbyes\u00a0\u00bb row_height_percent=\u00a0\u00bb0&Prime; back_color=\u00a0\u00bbcolor-554681&Prime; overlay_alpha=\u00a0\u00bb50&Prime; gutter_size=\u00a0\u00bb3&Prime; column_width_percent=\u00a0\u00bb90&Prime; shift_y=\u00a0\u00bb0&Prime; z_index=\u00a0\u00bb0&Prime; uncode_shortcode_id=\u00a0\u00bb122086&Prime; back_color_type=\u00a0\u00bbuncode-palette\u00a0\u00bb][vc_column width=\u00a0\u00bb1\/2&Prime;][vc_single_image media=\u00a0\u00bb132&Prime; media_width_percent=\u00a0\u00bb100&Prime; alignment=\u00a0\u00bbcenter\u00a0\u00bb uncode_shortcode_id=\u00a0\u00bb209669&Prime;][\/vc_column][vc_column width=\u00a0\u00bb1\/2&Prime;][vc_single_image media=\u00a0\u00bb133&Prime; media_width_percent=\u00a0\u00bb100&Prime; alignment=\u00a0\u00bbcenter\u00a0\u00bb uncode_shortcode_id=\u00a0\u00bb138599&Prime;][\/vc_column][\/vc_row][vc_row unlock_row_content=\u00a0\u00bbyes\u00a0\u00bb row_height_percent=\u00a0\u00bb0&Prime; overlay_alpha=\u00a0\u00bb50&Prime; gutter_size=\u00a0\u00bb0&Prime; column_width_percent=\u00a0\u00bb70&Prime; shift_y=\u00a0\u00bb0&Prime; z_index=\u00a0\u00bb0&Prime; uncode_shortcode_id=\u00a0\u00bb188705&Prime;][vc_column width=\u00a0\u00bb1\/2&Prime;][vc_single_image media=\u00a0\u00bb453&Prime; media_width_percent=\u00a0\u00bb100&Prime; alignment=\u00a0\u00bbcenter\u00a0\u00bb uncode_shortcode_id=\u00a0\u00bb157655&Prime;][\/vc_column][vc_column width=\u00a0\u00bb1\/2&Prime;][vc_empty_space empty_h=\u00a0\u00bb0&Prime;][vc_column_text uncode_shortcode_id=\u00a0\u00bb314136&Prime;]<strong>Je suis coach en entreprise et formatrice.\u00a0 J&rsquo;accompagne les managers et leur \u00e9quipe \u00e0 apprendre \u00e0 agir diff\u00e9remment, en questionnant ses certitudes, en explorant les possibles, pour apporter une transformation profonde et durable.<\/strong><\/p>\n<p>Je suis \u00e9galement b\u00e9n\u00e9vole pour l&rsquo;association <a href=\"https:\/\/ressort-lyon.fr\/\"><strong>Ressort<\/strong><\/a> qui accompagne individuellement et collectivement, les personnes de niveau cadre et\/ou de formation sup\u00e9rieure, confirm\u00e9es ou d\u00e9butantes, en transition d\u2019activit\u00e9 professionnelle.<\/p>\n<p>Enfin, je suis <strong>Respith\u00e9rapeute<\/strong> (certifi\u00e9e Niveau II), membre de la <a href=\"https:\/\/www.respitherapie-academie.com\/\">(<strong>R) Acad\u00e9mie<\/strong><\/a><strong>,<\/strong> premi\u00e8re \u00e9cole de respiration th\u00e9rapeutique fran\u00e7aise. J&rsquo;applique une m\u00e9thode d&rsquo;accompagnement du patient, qui permet d&rsquo;introduire la respiration contr\u00f4l\u00e9e dans le parcours de soin en pr\u00e9vention sant\u00e9.[\/vc_column_text][vc_button radius=\u00a0\u00bbbtn-default-shape\u00a0\u00bb border_width=\u00a0\u00bb1&Prime; uncode_shortcode_id=\u00a0\u00bb200644&Prime; link=\u00a0\u00bburl:https%3A%2F%2Fhopcoeur.fr%2Findex.php%2Fqui-suis-je%2F|title:Qui%20suis%20je%20%3F\u00a0\u00bb]EN SAVOIR PLUS[\/vc_button][vc_single_image media=\u00a0\u00bb431&Prime; media_width_percent=\u00a0\u00bb32&Prime; uncode_shortcode_id=\u00a0\u00bb286011&Prime; media_link=\u00a0\u00bburl:https%3A%2F%2Fwww.mozaik.fr%2Flecole%2F|title:Ma%20Formation\u00a0\u00bb][\/vc_column][\/vc_row][vc_row unlock_row_content=\u00a0\u00bbyes\u00a0\u00bb row_height_percent=\u00a0\u00bb0&Prime; back_color=\u00a0\u00bbcolor-554681&Prime; overlay_alpha=\u00a0\u00bb50&Prime; gutter_size=\u00a0\u00bb3&Prime; column_width_percent=\u00a0\u00bb100&Prime; shift_y=\u00a0\u00bb0&Prime; z_index=\u00a0\u00bb0&Prime; uncode_shortcode_id=\u00a0\u00bb194954&Prime; back_color_type=\u00a0\u00bbuncode-palette\u00a0\u00bb][vc_column width=\u00a0\u00bb1\/3&Prime;][\/vc_column][vc_column width=\u00a0\u00bb1\/3&Prime;][vc_single_image media=\u00a0\u00bb190&Prime; media_width_percent=\u00a0\u00bb70&Prime; alignment=\u00a0\u00bbcenter\u00a0\u00bb uncode_shortcode_id=\u00a0\u00bb825823&Prime;][\/vc_column][vc_column width=\u00a0\u00bb1\/3&Prime;][\/vc_column][\/vc_row][vc_row unlock_row_content=\u00a0\u00bbyes\u00a0\u00bb row_height_percent=\u00a0\u00bb0&Prime; back_color=\u00a0\u00bbcolor-gyho\u00a0\u00bb overlay_alpha=\u00a0\u00bb50&Prime; gutter_size=\u00a0\u00bb3&Prime; column_width_percent=\u00a0\u00bb70&Prime; shift_y=\u00a0\u00bb0&Prime; z_index=\u00a0\u00bb0&Prime; uncode_shortcode_id=\u00a0\u00bb201658&Prime; back_color_type=\u00a0\u00bbuncode-palette\u00a0\u00bb][vc_column width=\u00a0\u00bb1\/2&Prime;][vc_single_image media=\u00a0\u00bb94&Prime; media_width_percent=\u00a0\u00bb100&Prime; uncode_shortcode_id=\u00a0\u00bb868390&Prime;][vc_column_text uncode_shortcode_id=\u00a0\u00bb204406&Prime;]<strong>Il arrive un moment de sa vie o\u00f9 on a envie de poser cartes sur table et d\u2019\u00eatre en coh\u00e9rence avec nos valeurs et construire un projet professionnel qui nous ressemble.<\/strong><\/p>\n<p>Le coaching individuel permet de s\u2019autoriser \u00e0 investiguer toutes les pistes.<\/p>\n<p>Je vous accompagne \u00e0 identifier vos sensations, vos pens\u00e9es, vos croyances en cr\u00e9ant une relation interpersonnelle privil\u00e9gi\u00e9e pour avancer ensemble dans l\u2019inconnu&#8230;[\/vc_column_text][vc_button radius=\u00a0\u00bbbtn-default-shape\u00a0\u00bb border_width=\u00a0\u00bb1&Prime; uncode_shortcode_id=\u00a0\u00bb145264&Prime; link=\u00a0\u00bburl:https%3A%2F%2Fhopcoeur.fr%2Findex.php%2Fcoaching-individuel%2F|title:coaching%20individuel\u00a0\u00bb]EN SAVOIR PLUS[\/vc_button][\/vc_column][vc_column width=\u00a0\u00bb1\/2&Prime;][vc_single_image media=\u00a0\u00bb93&Prime; media_width_percent=\u00a0\u00bb100&Prime; uncode_shortcode_id=\u00a0\u00bb112702&Prime;][vc_column_text uncode_shortcode_id=\u00a0\u00bb315069&Prime;]<strong>Le coaching d&rsquo;\u00e9quipe vise \u00e0 am\u00e9liorer les performances et la dynamique d&rsquo;un groupe ou d&rsquo;une \u00e9quipe de travail. <\/strong><\/p>\n<p><strong>Il est ax\u00e9 sur la collaboration et l&rsquo;am\u00e9lioration des interactions au sein d&rsquo;un groupe.<\/strong><\/p>\n<p>Il offre un espace s\u00fbr et structur\u00e9 pour que les membres du groupe explorent ensemble des solutions, surmontent les obstacles et renforcent leur sentiment d\u2019appartenance et leur relations professionnelles&#8230;[\/vc_column_text][vc_button radius=\u00a0\u00bbbtn-default-shape\u00a0\u00bb border_width=\u00a0\u00bb1&Prime; uncode_shortcode_id=\u00a0\u00bb888023&Prime; link=\u00a0\u00bburl:https%3A%2F%2Fhopcoeur.fr%2Findex.php%2Fcoaching-collectif%2F|title:coaching%20collectif\u00a0\u00bb]EN SAVOIR PLUS[\/vc_button][\/vc_column][\/vc_row][vc_row unlock_row_content=\u00a0\u00bbyes\u00a0\u00bb row_height_percent=\u00a0\u00bb0&Prime; back_color=\u00a0\u00bbcolor-xsdn\u00a0\u00bb overlay_alpha=\u00a0\u00bb50&Prime; gutter_size=\u00a0\u00bb3&Prime; column_width_percent=\u00a0\u00bb100&Prime; shift_y=\u00a0\u00bb0&Prime; z_index=\u00a0\u00bb0&Prime; uncode_shortcode_id=\u00a0\u00bb168348&Prime; back_color_type=\u00a0\u00bbuncode-palette\u00a0\u00bb][vc_column column_width_percent=\u00a0\u00bb100&Prime; gutter_size=\u00a0\u00bb3&Prime; overlay_alpha=\u00a0\u00bb50&Prime; shift_x=\u00a0\u00bb0&Prime; shift_y=\u00a0\u00bb0&Prime; shift_y_down=\u00a0\u00bb0&Prime; z_index=\u00a0\u00bb0&Prime; medium_width=\u00a0\u00bb0&Prime; mobile_width=\u00a0\u00bb0&Prime; width=\u00a0\u00bb1\/3&Prime; uncode_shortcode_id=\u00a0\u00bb131145&Prime;][vc_single_image media=\u00a0\u00bb484&Prime; media_width_percent=\u00a0\u00bb85&Prime; uncode_shortcode_id=\u00a0\u00bb171020&Prime;][\/vc_column][vc_column column_width_percent=\u00a0\u00bb100&Prime; gutter_size=\u00a0\u00bb3&Prime; overlay_alpha=\u00a0\u00bb50&Prime; shift_x=\u00a0\u00bb0&Prime; shift_y=\u00a0\u00bb0&Prime; shift_y_down=\u00a0\u00bb0&Prime; z_index=\u00a0\u00bb0&Prime; medium_width=\u00a0\u00bb0&Prime; mobile_width=\u00a0\u00bb0&Prime; width=\u00a0\u00bb1\/3&Prime; uncode_shortcode_id=\u00a0\u00bb955206&Prime;][vc_column_text text_color=\u00a0\u00bbcolor-554681&Prime; uncode_shortcode_id=\u00a0\u00bb470218&Prime; text_color_type=\u00a0\u00bbuncode-palette\u00a0\u00bb]\u00ab J\u2019ai un parcours de m\u00e9decin tout trac\u00e9 depuis la fac et j\u2019ai eu besoin de comprendre comment garder du sens dans ce qui se r\u00e9p\u00e8te. Le coaching m\u2019a permis de faire un bilan sur mon activit\u00e9 professionnelle : j\u2019ai identifi\u00e9 ce que je voulais garder, mes envies et priorit\u00e9s pour les ann\u00e9es \u00e0 venir. Gr\u00e2ce au questionnement puissant de M\u00e9lodie et \u00e0 son accompagnement intuitif et authentique, j\u2019ai pu prendre de la hauteur, faire une introspection sans culpabilisation, retrouver de l\u2019optimisme malgr\u00e9 les difficult\u00e9s de notre secteur et r\u00e9inventer mes relations professionnelles dans le service.[\/vc_column_text][\/vc_column][vc_column column_width_percent=\u00a0\u00bb100&Prime; position_horizontal=\u00a0\u00bbleft\u00a0\u00bb gutter_size=\u00a0\u00bb2&Prime; overlay_alpha=\u00a0\u00bb50&Prime; shift_x=\u00a0\u00bb0&Prime; shift_y=\u00a0\u00bb0&Prime; shift_y_down=\u00a0\u00bb0&Prime; z_index=\u00a0\u00bb0&Prime; medium_width=\u00a0\u00bb0&Prime; mobile_width=\u00a0\u00bb0&Prime; width=\u00a0\u00bb1\/3&Prime; uncode_shortcode_id=\u00a0\u00bb145854&Prime;][vc_column_text text_color=\u00a0\u00bbcolor-554681&Prime; uncode_shortcode_id=\u00a0\u00bb420243&Prime; text_color_type=\u00a0\u00bbuncode-palette\u00a0\u00bb]<\/p>\n<p style=\"text-align: left;\">Je recommande vivement de prendre ce temps pour soi. De fa\u00e7on assez magique, on constate alors que tout bouge \u00e9galement autour de soi.\u00a0\u00bb<\/p>\n<p style=\"text-align: right;\"><strong>Vanessa P.<\/strong><\/p>\n<p style=\"text-align: right;\"><strong>P\u00e9diatre en milieu hospitalier &#8211; Rh\u00f4ne<\/strong><\/p>\n<p>[\/vc_column_text][\/vc_column][\/vc_row][vc_row unlock_row_content=\u00a0\u00bbyes\u00a0\u00bb row_height_percent=\u00a0\u00bb0&Prime; back_color=\u00a0\u00bbcolor-554681&Prime; overlay_alpha=\u00a0\u00bb50&Prime; gutter_size=\u00a0\u00bb3&Prime; column_width_percent=\u00a0\u00bb100&Prime; shift_y=\u00a0\u00bb0&Prime; z_index=\u00a0\u00bb0&Prime; uncode_shortcode_id=\u00a0\u00bb194954&Prime; back_color_type=\u00a0\u00bbuncode-palette\u00a0\u00bb][vc_column width=\u00a0\u00bb1\/3&Prime;][\/vc_column][vc_column width=\u00a0\u00bb1\/3&Prime;][vc_single_image media=\u00a0\u00bb188&Prime; media_width_percent=\u00a0\u00bb70&Prime; alignment=\u00a0\u00bbcenter\u00a0\u00bb uncode_shortcode_id=\u00a0\u00bb730324&Prime;][\/vc_column][vc_column width=\u00a0\u00bb1\/3&Prime;][\/vc_column][\/vc_row][vc_row unlock_row_content=\u00a0\u00bbyes\u00a0\u00bb row_height_percent=\u00a0\u00bb0&Prime; overlay_alpha=\u00a0\u00bb50&Prime; gutter_size=\u00a0\u00bb3&Prime; column_width_percent=\u00a0\u00bb70&Prime; shift_y=\u00a0\u00bb0&Prime; z_index=\u00a0\u00bb0&Prime; uncode_shortcode_id=\u00a0\u00bb959825&Prime;][vc_column width=\u00a0\u00bb1\/2&Prime;][vc_column_text text_color=\u00a0\u00bbcolor-554681&Prime; uncode_shortcode_id=\u00a0\u00bb204486&Prime; text_color_type=\u00a0\u00bbuncode-palette\u00a0\u00bb]<\/p>\n<h2 class=\"sc-fulCBj OtVmM wui-text\" style=\"text-align: center;\"><strong>Comment bien choisir son coach professionnel ?<\/strong><\/h2>\n<p>[\/vc_column_text][vc_column_text uncode_shortcode_id=\u00a0\u00bb180587&Prime;]Confin\u00e9 \u00e0 la maison, vous vous prenez la t\u00eate avec l\u2019incertitude que soul\u00e8ve la crise actuelle sur votre avenir professionnel\u2026 Il y a encore peu de temps vous h\u00e9sitiez peut-\u00eatre \u00e0 quitter votre travail, \u00e0 vous r\u00e9orienter ou \u00e0 prendre de nouvelles responsabilit\u00e9s, et tout \u00e0 coup vous ne savez plus s\u2019il faut bouger ou au contraire maintenir les choses telles qu\u2019elles sont\u2026[\/vc_column_text][vc_single_image media=\u00a0\u00bb164&Prime; media_width_percent=\u00a0\u00bb70&Prime; uncode_shortcode_id=\u00a0\u00bb181739&Prime;][vc_button button_color=\u00a0\u00bbcolor-554681&Prime; radius=\u00a0\u00bbbtn-default-shape\u00a0\u00bb border_width=\u00a0\u00bb1&Prime; uncode_shortcode_id=\u00a0\u00bb102775&Prime; button_color_type=\u00a0\u00bbuncode-palette\u00a0\u00bb link=\u00a0\u00bburl:https%3A%2F%2Fwww.welcometothejungle.com%2Ffr%2Farticles%2Fcoach-professionnel-choisir\u00a0\u00bb]LIRE LA SUITE[\/vc_button][\/vc_column][vc_column width=\u00a0\u00bb1\/2&Prime;][vc_column_text text_color=\u00a0\u00bbcolor-554681&Prime; uncode_shortcode_id=\u00a0\u00bb982163&Prime; text_color_type=\u00a0\u00bbuncode-palette\u00a0\u00bb]<\/p>\n<h2 class=\"entry-title\" style=\"text-align: center;\">20 astuces infaillibles pour booster votre m\u00e9moire et votre concentration<\/h2>\n<p>[\/vc_column_text][vc_column_text uncode_shortcode_id=\u00a0\u00bb113014&Prime;]La m\u00e9moire et la concentration sont deux comp\u00e9tences essentielles pour r\u00e9ussir dans la vie, que ce soit sur le plan professionnel, scolaire ou personnel.<\/p>\n<p>Pourtant, nous vivons dans un monde hyper connect\u00e9 o\u00f9 il est de plus en plus difficile de se concentrer et de retenir l\u2019information \u00e0 cause des nombreuses sollicitations et distractions qui nous entourent&#8230;[\/vc_column_text][vc_single_image media=\u00a0\u00bb172&Prime; media_width_percent=\u00a0\u00bb70&Prime; uncode_shortcode_id=\u00a0\u00bb129612&Prime;][vc_button button_color=\u00a0\u00bbcolor-554681&Prime; radius=\u00a0\u00bbbtn-default-shape\u00a0\u00bb border_width=\u00a0\u00bb1&Prime; uncode_shortcode_id=\u00a0\u00bb106078&Prime; button_color_type=\u00a0\u00bbuncode-palette\u00a0\u00bb link=\u00a0\u00bburl:https%3A%2F%2Funpointculture.com%2F20-astuces-infaillibles-pour-booster-votre-memoire-et-votre-concentration%2F\u00a0\u00bb]LIRE LA SUITE[\/vc_button][\/vc_column][\/vc_row][vc_row unlock_row_content=\u00a0\u00bbyes\u00a0\u00bb row_height_percent=\u00a0\u00bb0&Prime; overlay_alpha=\u00a0\u00bb50&Prime; gutter_size=\u00a0\u00bb3&Prime; column_width_percent=\u00a0\u00bb70&Prime; shift_y=\u00a0\u00bb0&Prime; z_index=\u00a0\u00bb0&Prime; uncode_shortcode_id=\u00a0\u00bb959825&Prime;][vc_column width=\u00a0\u00bb1\/2&Prime;][vc_column_text text_color=\u00a0\u00bbcolor-554681&Prime; uncode_shortcode_id=\u00a0\u00bb185720&Prime; text_color_type=\u00a0\u00bbuncode-palette\u00a0\u00bb]<\/p>\n<h2 class=\"sc-fulCBj OtVmM wui-text\" style=\"text-align: center;\"><strong>La respiration : premier levier de pr\u00e9vention sant\u00e9<\/strong><\/h2>\n<p>[\/vc_column_text][vc_column_text uncode_shortcode_id=\u00a0\u00bb168769&Prime;]Apprendre \u00e0 respirer, c\u2019est apprendre \u00e0 cr\u00e9er avec son principe cardiovasculaire<\/p>\n<p>Apprendre \u00e0 respirer, c\u2019est apprendre \u00e0 cr\u00e9er avec ses capacit\u00e9s respiratoires<\/p>\n<p>Apprendre \u00e0 respirer, c\u2019est apprendre \u00e0 cr\u00e9er avec la neuroplasticit\u00e9 de son cerveau[\/vc_column_text][vc_single_image media=\u00a0\u00bb437&Prime; media_width_percent=\u00a0\u00bb70&Prime; uncode_shortcode_id=\u00a0\u00bb570812&Prime;][vc_button button_color=\u00a0\u00bbcolor-554681&Prime; radius=\u00a0\u00bbbtn-default-shape\u00a0\u00bb border_width=\u00a0\u00bb1&Prime; uncode_shortcode_id=\u00a0\u00bb975996&Prime; button_color_type=\u00a0\u00bbuncode-palette\u00a0\u00bb link=\u00a0\u00bburl:https%3A%2F%2Fwww.respitherapie-academie.com%2F\u00a0\u00bb]LIRE LA SUITE[\/vc_button][\/vc_column][vc_column width=\u00a0\u00bb1\/2&Prime;][vc_column_text text_color=\u00a0\u00bbcolor-554681&Prime; uncode_shortcode_id=\u00a0\u00bb742471&Prime; text_color_type=\u00a0\u00bbuncode-palette\u00a0\u00bb]<\/p>\n<h2 class=\"entry-title\" style=\"text-align: center;\">Marie Robert, philosophe des temps modernes<\/h2>\n<p>[\/vc_column_text][vc_column_text uncode_shortcode_id=\u00a0\u00bb206479&Prime;]Rien n\u2019est plus sexy que la philosophie.<\/p>\n<p>La transmission de cette discipline au quotidien, c\u2019est le projet de Philosophy is sexy \u00e0 travers des chroniques sur Instagram, un podcast, des livres, des cours en ligne et des interventions en entreprises.[\/vc_column_text][vc_single_image media=\u00a0\u00bb441&Prime; media_width_percent=\u00a0\u00bb70&Prime; uncode_shortcode_id=\u00a0\u00bb183235&Prime;][vc_button button_color=\u00a0\u00bbcolor-554681&Prime; radius=\u00a0\u00bbbtn-default-shape\u00a0\u00bb border_width=\u00a0\u00bb1&Prime; uncode_shortcode_id=\u00a0\u00bb132465&Prime; button_color_type=\u00a0\u00bbuncode-palette\u00a0\u00bb link=\u00a0\u00bburl:https%3A%2F%2Fwww.philosophyissexy.fr%2F\u00a0\u00bb]LIRE LA SUITE[\/vc_button][\/vc_column][\/vc_row][vc_row][vc_column width=\u00a0\u00bb1\/1&Prime;][vc_empty_space empty_h=\u00a0\u00bb2&Prime;][\/vc_column][\/vc_row][vc_row unlock_row_content=\u00a0\u00bbyes\u00a0\u00bb row_height_percent=\u00a0\u00bb0&Prime; back_color=\u00a0\u00bbcolor-gyho\u00a0\u00bb overlay_alpha=\u00a0\u00bb50&Prime; gutter_size=\u00a0\u00bb3&Prime; column_width_percent=\u00a0\u00bb100&Prime; shift_y=\u00a0\u00bb0&Prime; z_index=\u00a0\u00bb0&Prime; uncode_shortcode_id=\u00a0\u00bb666883&Prime; back_color_type=\u00a0\u00bbuncode-palette\u00a0\u00bb][vc_column width=\u00a0\u00bb1\/2&Prime;][vc_column_text uncode_shortcode_id=\u00a0\u00bb567627&Prime;]<\/p>\n<p style=\"text-align: right;\"><strong>Pour plus d&rsquo;informations<\/strong><\/p>\n<p>[\/vc_column_text][\/vc_column][vc_column width=\u00a0\u00bb1\/2&Prime;][vc_button border_width=\u00a0\u00bb0&Prime; link=\u00a0\u00bburl:https%3A%2F%2Fhopcoeur.fr%2Findex.php%2Fcontact%2F|title:contact\u00a0\u00bb uncode_shortcode_id=\u00a0\u00bb197286&Prime;]CONTACTEZ-NOUS[\/vc_button][\/vc_column][\/vc_row][vc_row][vc_column width=\u00a0\u00bb1\/1&Prime;][\/vc_column][\/vc_row]<\/p>\n<\/div>","protected":false},"excerpt":{"rendered":"<p>[vc_row unlock_row_content=\u00a0\u00bbyes\u00a0\u00bb row_height_percent=\u00a0\u00bb0&Prime; back_color=\u00a0\u00bbcolor-554681&Prime; overlay_alpha=\u00a0\u00bb50&Prime; gutter_size=\u00a0\u00bb3&Prime; column_width_percent=\u00a0\u00bb100&Prime; shift_y=\u00a0\u00bb0&Prime; z_index=\u00a0\u00bb0&Prime; uncode_shortcode_id=\u00a0\u00bb134241&Prime; back_color_type=\u00a0\u00bbuncode-palette\u00a0\u00bb][vc_column width=\u00a0\u00bb1\/1&Prime;][vc_single_image media=\u00a0\u00bb273&Prime; media_width_percent=\u00a0\u00bb100&Prime; alignment=\u00a0\u00bbcenter\u00a0\u00bb uncode_shortcode_id=\u00a0\u00bb942486&Prime;][\/vc_column][\/vc_row][vc_row unlock_row_content=\u00a0\u00bbyes\u00a0\u00bb row_height_percent=\u00a0\u00bb0&Prime; back_color=\u00a0\u00bbcolor-554681&Prime; overlay_alpha=\u00a0\u00bb50&Prime; [&hellip;]<\/p>\n","protected":false},"author":1,"featured_media":0,"parent":0,"menu_order":0,"comment_status":"closed","ping_status":"closed","template":"","meta":{"footnotes":""},"class_list":["post-28","page","type-page","status-publish","hentry"],"yoast_head":"<!-- This site is optimized with the Yoast SEO plugin v25.0 - https:\/\/yoast.com\/wordpress\/plugins\/seo\/ -->\n<title>HopC\u0153ur \u2013 Coaching d\u2019entreprise pour dirigeants, \u00e9quipes et organisations<\/title>\n<meta name=\"description\" content=\"Accompagnement et coaching pour les professionnels\" \/>\n<meta name=\"robots\" content=\"index, follow, max-snippet:-1, max-image-preview:large, max-video-preview:-1\" \/>\n<link rel=\"canonical\" href=\"https:\/\/hopcoeur.fr\/\" \/>\n<meta property=\"og:locale\" content=\"fr_FR\" \/>\n<meta property=\"og:type\" content=\"article\" \/>\n<meta property=\"og:title\" content=\"HopC\u0153ur \u2013 Coaching d\u2019entreprise pour dirigeants, \u00e9quipes et organisations\" \/>\n<meta property=\"og:description\" content=\"Accompagnement et coaching pour les professionnels\" \/>\n<meta property=\"og:url\" content=\"https:\/\/hopcoeur.fr\/\" \/>\n<meta property=\"og:site_name\" content=\"HOPCOEUR\" \/>\n<meta property=\"article:modified_time\" content=\"2025-04-07T16:17:16+00:00\" \/>\n<meta name=\"twitter:card\" content=\"summary_large_image\" \/>\n<meta name=\"twitter:label1\" content=\"Dur\u00e9e de lecture estim\u00e9e\" \/>\n\t<meta name=\"twitter:data1\" content=\"5 minutes\" \/>\n<script type=\"application\/ld+json\" class=\"yoast-schema-graph\">{\"@context\":\"https:\/\/schema.org\",\"@graph\":[{\"@type\":\"WebPage\",\"@id\":\"https:\/\/hopcoeur.fr\/\",\"url\":\"https:\/\/hopcoeur.fr\/\",\"name\":\"HopC\u0153ur \u2013 Coaching d\u2019entreprise pour dirigeants, \u00e9quipes et organisations\",\"isPartOf\":{\"@id\":\"https:\/\/hopcoeur.fr\/#website\"},\"datePublished\":\"2024-04-30T08:54:55+00:00\",\"dateModified\":\"2025-04-07T16:17:16+00:00\",\"description\":\"Accompagnement et coaching pour les professionnels\",\"breadcrumb\":{\"@id\":\"https:\/\/hopcoeur.fr\/#breadcrumb\"},\"inLanguage\":\"fr-FR\",\"potentialAction\":[{\"@type\":\"ReadAction\",\"target\":[\"https:\/\/hopcoeur.fr\/\"]}]},{\"@type\":\"BreadcrumbList\",\"@id\":\"https:\/\/hopcoeur.fr\/#breadcrumb\",\"itemListElement\":[{\"@type\":\"ListItem\",\"position\":1,\"name\":\"Accueil\",\"item\":\"https:\/\/hopcoeur.fr\/\"},{\"@type\":\"ListItem\",\"position\":2,\"name\":\"home\"}]},{\"@type\":\"WebSite\",\"@id\":\"https:\/\/hopcoeur.fr\/#website\",\"url\":\"https:\/\/hopcoeur.fr\/\",\"name\":\"HOPCOEUR\",\"description\":\"accompagnement et coaching pour les professionnels\",\"publisher\":{\"@id\":\"https:\/\/hopcoeur.fr\/#organization\"},\"potentialAction\":[{\"@type\":\"SearchAction\",\"target\":{\"@type\":\"EntryPoint\",\"urlTemplate\":\"https:\/\/hopcoeur.fr\/?s={search_term_string}\"},\"query-input\":{\"@type\":\"PropertyValueSpecification\",\"valueRequired\":true,\"valueName\":\"search_term_string\"}}],\"inLanguage\":\"fr-FR\"},{\"@type\":\"Organization\",\"@id\":\"https:\/\/hopcoeur.fr\/#organization\",\"name\":\"HOPCOEUR\",\"url\":\"https:\/\/hopcoeur.fr\/\",\"logo\":{\"@type\":\"ImageObject\",\"inLanguage\":\"fr-FR\",\"@id\":\"https:\/\/hopcoeur.fr\/#\/schema\/logo\/image\/\",\"url\":\"https:\/\/hopcoeur.fr\/wp-content\/uploads\/2025\/03\/logo-WP.jpg\",\"contentUrl\":\"https:\/\/hopcoeur.fr\/wp-content\/uploads\/2025\/03\/logo-WP.jpg\",\"width\":500,\"height\":500,\"caption\":\"HOPCOEUR\"},\"image\":{\"@id\":\"https:\/\/hopcoeur.fr\/#\/schema\/logo\/image\/\"}}]}<\/script>\n<!-- \/ Yoast SEO plugin. -->","yoast_head_json":{"title":"HopC\u0153ur \u2013 Coaching d\u2019entreprise pour dirigeants, \u00e9quipes et organisations","description":"Accompagnement et coaching pour les professionnels","robots":{"index":"index","follow":"follow","max-snippet":"max-snippet:-1","max-image-preview":"max-image-preview:large","max-video-preview":"max-video-preview:-1"},"canonical":"https:\/\/hopcoeur.fr\/","og_locale":"fr_FR","og_type":"article","og_title":"HopC\u0153ur \u2013 Coaching d\u2019entreprise pour dirigeants, \u00e9quipes et organisations","og_description":"Accompagnement et coaching pour les professionnels","og_url":"https:\/\/hopcoeur.fr\/","og_site_name":"HOPCOEUR","article_modified_time":"2025-04-07T16:17:16+00:00","twitter_card":"summary_large_image","twitter_misc":{"Dur\u00e9e de lecture estim\u00e9e":"5 minutes"},"schema":{"@context":"https:\/\/schema.org","@graph":[{"@type":"WebPage","@id":"https:\/\/hopcoeur.fr\/","url":"https:\/\/hopcoeur.fr\/","name":"HopC\u0153ur \u2013 Coaching d\u2019entreprise pour dirigeants, \u00e9quipes et organisations","isPartOf":{"@id":"https:\/\/hopcoeur.fr\/#website"},"datePublished":"2024-04-30T08:54:55+00:00","dateModified":"2025-04-07T16:17:16+00:00","description":"Accompagnement et coaching pour les professionnels","breadcrumb":{"@id":"https:\/\/hopcoeur.fr\/#breadcrumb"},"inLanguage":"fr-FR","potentialAction":[{"@type":"ReadAction","target":["https:\/\/hopcoeur.fr\/"]}]},{"@type":"BreadcrumbList","@id":"https:\/\/hopcoeur.fr\/#breadcrumb","itemListElement":[{"@type":"ListItem","position":1,"name":"Accueil","item":"https:\/\/hopcoeur.fr\/"},{"@type":"ListItem","position":2,"name":"home"}]},{"@type":"WebSite","@id":"https:\/\/hopcoeur.fr\/#website","url":"https:\/\/hopcoeur.fr\/","name":"HOPCOEUR","description":"accompagnement et coaching pour les professionnels","publisher":{"@id":"https:\/\/hopcoeur.fr\/#organization"},"potentialAction":[{"@type":"SearchAction","target":{"@type":"EntryPoint","urlTemplate":"https:\/\/hopcoeur.fr\/?s={search_term_string}"},"query-input":{"@type":"PropertyValueSpecification","valueRequired":true,"valueName":"search_term_string"}}],"inLanguage":"fr-FR"},{"@type":"Organization","@id":"https:\/\/hopcoeur.fr\/#organization","name":"HOPCOEUR","url":"https:\/\/hopcoeur.fr\/","logo":{"@type":"ImageObject","inLanguage":"fr-FR","@id":"https:\/\/hopcoeur.fr\/#\/schema\/logo\/image\/","url":"https:\/\/hopcoeur.fr\/wp-content\/uploads\/2025\/03\/logo-WP.jpg","contentUrl":"https:\/\/hopcoeur.fr\/wp-content\/uploads\/2025\/03\/logo-WP.jpg","width":500,"height":500,"caption":"HOPCOEUR"},"image":{"@id":"https:\/\/hopcoeur.fr\/#\/schema\/logo\/image\/"}}]}},"_links":{"self":[{"href":"https:\/\/hopcoeur.fr\/index.php\/wp-json\/wp\/v2\/pages\/28","targetHints":{"allow":["GET"]}}],"collection":[{"href":"https:\/\/hopcoeur.fr\/index.php\/wp-json\/wp\/v2\/pages"}],"about":[{"href":"https:\/\/hopcoeur.fr\/index.php\/wp-json\/wp\/v2\/types\/page"}],"author":[{"embeddable":true,"href":"https:\/\/hopcoeur.fr\/index.php\/wp-json\/wp\/v2\/users\/1"}],"replies":[{"embeddable":true,"href":"https:\/\/hopcoeur.fr\/index.php\/wp-json\/wp\/v2\/comments?post=28"}],"version-history":[{"count":170,"href":"https:\/\/hopcoeur.fr\/index.php\/wp-json\/wp\/v2\/pages\/28\/revisions"}],"predecessor-version":[{"id":489,"href":"https:\/\/hopcoeur.fr\/index.php\/wp-json\/wp\/v2\/pages\/28\/revisions\/489"}],"wp:attachment":[{"href":"https:\/\/hopcoeur.fr\/index.php\/wp-json\/wp\/v2\/media?parent=28"}],"curies":[{"name":"wp","href":"https:\/\/api.w.org\/{rel}","templated":true}]}}