{"id":397,"date":"2024-05-27T12:17:25","date_gmt":"2024-05-27T10:17:25","guid":{"rendered":"https:\/\/hopcoeur.fr\/?page_id=397"},"modified":"2024-06-11T10:41:41","modified_gmt":"2024-06-11T08:41:41","slug":"mentions-legales","status":"publish","type":"page","link":"https:\/\/hopcoeur.fr\/index.php\/mentions-legales\/","title":{"rendered":"mentions l\u00e9gales"},"content":{"rendered":"<div class=\"wpb-content-wrapper\"><p>[vc_row][vc_column width=\u00a0\u00bb1\/1&Prime;][vc_column_text uncode_shortcode_id=\u00a0\u00bb183354&Prime;]En vertu de l\u2019article 6 de la loi n\u00b0 2004-575 du 21 juin 2004 pour la confiance dans l\u2019\u00e9conomie num\u00e9rique, il est pr\u00e9cis\u00e9 aux utilisateurs du site https:\/\/hopcoeur.fr\u00a0l\u2019identit\u00e9 des diff\u00e9rents intervenants dans le cadre de sa r\u00e9alisation et de son suivi :<\/p>\n<p>\u2013 <strong>Propri\u00e9taire :<\/strong> soci\u00e9t\u00e9 HOPCOEUR<\/p>\n<p>Adresse du si\u00e8ge social : 8, rue Dellevaux 69410 Champagne-au-Mont d\u2019or<\/p>\n<p>\u2013\u00a0<strong>Cr\u00e9ateur :<\/strong> Julie Grandvuinet \/ Time studio<\/p>\n<p>\u2013\u00a0<strong>Photos libre de droit :<\/strong> Unsplash \/ Istock<\/p>\n<p>\u2013\u00a0<strong>H\u00e9bergeur :<\/strong> OVH, 2 rue Kellermann, 59100 Roubaix.<\/p>\n<p><strong>Conditions g\u00e9n\u00e9rales d\u2019utilisation du site et des services propos\u00e9s<\/strong><\/p>\n<p>L\u2019utilisation du site https:\/\/hopcoeur.fr\u00a0implique l\u2019acceptation pleine et enti\u00e8re des conditions g\u00e9n\u00e9rales d\u2019utilisation ci-apr\u00e8s d\u00e9crites. Ces conditions d\u2019utilisation sont susceptibles d\u2019\u00eatre modifi\u00e9es ou compl\u00e9t\u00e9es \u00e0 tout moment, les utilisateurs du site https:\/\/hopcoeur.fr sont donc invit\u00e9s \u00e0 les consulter de mani\u00e8re r\u00e9guli\u00e8re.<\/p>\n<p>Le site https:\/\/hopcoeur.fr\u00a0est mis \u00e0 jour r\u00e9guli\u00e8rement par la soci\u00e9t\u00e9. De la m\u00eame fa\u00e7on, les mentions l\u00e9gales peuvent \u00eatre modifi\u00e9es \u00e0 tout moment : elles s\u2019imposent n\u00e9anmoins \u00e0 l\u2019utilisateur qui est invit\u00e9 \u00e0 s\u2019y r\u00e9f\u00e9rer le plus souvent possible afin d\u2019en prendre connaissance.<\/p>\n<p><strong>Description des services fournis<\/strong><\/p>\n<p>Le site https:\/\/hopcoeur.fr\u00a0a pour objet de fournir une information concernant l\u2019ensemble des activit\u00e9s de la soci\u00e9t\u00e9.<\/p>\n<p>Toutes les informations indiqu\u00e9es sur le site https:\/\/hopcoeur.fr sont donn\u00e9es \u00e0 titre indicatif, et sont susceptibles d\u2019\u00e9voluer. Par ailleurs, les renseignements figurant sur le site https:\/\/hopcoeur.fr ne sont pas exhaustifs. Ils sont donn\u00e9s sous r\u00e9serve de modifications ayant \u00e9t\u00e9 apport\u00e9es depuis leur mise en ligne.<\/p>\n<p><strong>Propri\u00e9t\u00e9 intellectuelle et contrefa\u00e7ons<\/strong><\/p>\n<p>HOPCOEUR\u00a0est propri\u00e9taire des droits de propri\u00e9t\u00e9 intellectuelle ou d\u00e9tient les droits d\u2019usage sur tous les \u00e9l\u00e9ments accessibles sur le site, notamment les textes, images, graphismes, logos, ic\u00f4nes, sons, logiciels, \u00e0 l\u2019exception des marques, logos ou contenus appartenant \u00e0 d\u2019autres soci\u00e9t\u00e9s partenaires ou auteurs cit\u00e9s.<\/p>\n<p>Toute reproduction, repr\u00e9sentation, modification, publication, adaptation de tout ou partie des \u00e9l\u00e9ments du site, quel que soit le moyen ou le proc\u00e9d\u00e9 utilis\u00e9, est interdite, sauf autorisation \u00e9crite pr\u00e9alable de l\u2019agence.<\/p>\n<p>Toute exploitation non autoris\u00e9e du site ou de l\u2019un des quelconques \u00e9l\u00e9ments qu\u2019il contient sera consid\u00e9r\u00e9e comme constitutive d\u2019une contrefa\u00e7on et poursuivie conform\u00e9ment aux dispositions des articles L.335-2 et suivants du Code de Propri\u00e9t\u00e9 intellectuelle.<\/p>\n<p><strong>Limitations de responsabilit\u00e9<\/strong><\/p>\n<p>La soci\u00e9t\u00e9 ne pourra \u00eatre tenue responsable des dommages directs et indirects caus\u00e9s au mat\u00e9riel de l\u2019utilisateur, lors de l\u2019acc\u00e8s au site\u00a0https:\/\/hopcoeur.fr, et r\u00e9sultant soit de l\u2019utilisation d\u2019un mat\u00e9riel ne r\u00e9pondant pas aux sp\u00e9cifications indiqu\u00e9es au point 4, soit de l\u2019apparition d\u2019un bug ou d\u2019une incompatibilit\u00e9.<\/p>\n<p>La soci\u00e9t\u00e9 ne pourra \u00e9galement \u00eatre tenue responsable des dommages indirects (tels par exemple qu\u2019une perte de march\u00e9 ou perte d\u2019une chance) cons\u00e9cutifs \u00e0 l\u2019utilisation du site https:\/\/hopcoeur.fr<\/p>\n<p><strong>Gestion des donn\u00e9es personnelles<\/strong><\/p>\n<p>En France, les donn\u00e9es personnelles sont notamment prot\u00e9g\u00e9es par la loi n\u00b0 78-87 du 6 janvier 1978, la loi n\u00b0 2004-801 du 6 ao\u00fbt 2004, l\u2019article L. 226-13 du Code p\u00e9nal et la Directive Europ\u00e9enne du 24 octobre 1995.<\/p>\n<p>\u00c0 l\u2019occasion de l\u2019utilisation du site https:\/\/hopcoeur.fr, peuvent \u00eatre recueillies : l\u2019URL des liens par l\u2019interm\u00e9diaire desquels l\u2019utilisateur a acc\u00e9d\u00e9 au site https:\/\/hopcoeur.fr, le fournisseur d\u2019acc\u00e8s de l\u2019utilisateur, l\u2019adresse de protocole Internet (IP) de l\u2019utilisateur.<\/p>\n<p>Aucune information personnelle de l\u2019utilisateur du site https:\/\/hopcoeur.fr n\u2019est publi\u00e9e \u00e0 l\u2019insu de l\u2019utilisateur, \u00e9chang\u00e9e, transf\u00e9r\u00e9e, c\u00e9d\u00e9e ou vendue sur un support quelconque \u00e0 des tiers.<\/p>\n<p><strong>Liens hypertextes et cookies<\/strong><\/p>\n<p>Le site\u00a0https:\/\/hopcoeur.fr\u00a0contient un certain nombre de liens hypertextes vers d\u2019autres sites. Cependant, HOPCOEUR\u00a0n\u2019a pas la possibilit\u00e9 de v\u00e9rifier le contenu des sites ainsi visit\u00e9s, et n\u2019assumera en cons\u00e9quence aucune responsabilit\u00e9 de ce fait.<\/p>\n<p>La navigation sur le site https:\/\/hopcoeur.fr est susceptible de provoquer l\u2019installation de cookie(s) sur l\u2019ordinateur de l\u2019utilisateur. Le refus d\u2019installation d\u2019un cookie peut entra\u00eener l\u2019impossibilit\u00e9 d\u2019acc\u00e9der \u00e0 certains services.<\/p>\n<p><strong>Droit applicable et attribution de juridiction<\/strong><\/p>\n<p>Tout litige en relation avec l\u2019utilisation du site https:\/\/hopcoeur.fr soumis au droit fran\u00e7ais. Il est fait attribution exclusive de de juridiction aux tribunaux comp\u00e9tents de Lyon.[\/vc_column_text][\/vc_column][\/vc_row]<\/p>\n<\/div>","protected":false},"excerpt":{"rendered":"<p>[vc_row][vc_column width=\u00a0\u00bb1\/1&Prime;][vc_column_text uncode_shortcode_id=\u00a0\u00bb183354&Prime;]En vertu de l\u2019article 6 de la loi n\u00b0 2004-575 du 21 juin 2004 pour la confiance dans [&hellip;]<\/p>\n","protected":false},"author":1,"featured_media":0,"parent":0,"menu_order":0,"comment_status":"closed","ping_status":"closed","template":"","meta":{"footnotes":""},"class_list":["post-397","page","type-page","status-publish","hentry"],"yoast_head":"<!-- This site is optimized with the Yoast SEO plugin v25.0 - https:\/\/yoast.com\/wordpress\/plugins\/seo\/ -->\n<title>mentions l\u00e9gales - HOPCOEUR<\/title>\n<meta name=\"robots\" content=\"index, follow, max-snippet:-1, max-image-preview:large, max-video-preview:-1\" \/>\n<link rel=\"canonical\" href=\"https:\/\/hopcoeur.fr\/index.php\/mentions-legales\/\" \/>\n<meta property=\"og:locale\" content=\"fr_FR\" \/>\n<meta property=\"og:type\" content=\"article\" \/>\n<meta property=\"og:title\" content=\"mentions l\u00e9gales - HOPCOEUR\" \/>\n<meta property=\"og:description\" content=\"[vc_row][vc_column width=\u00a0\u00bb1\/1&Prime;][vc_column_text uncode_shortcode_id=\u00a0\u00bb183354&Prime;]En vertu de l\u2019article 6 de la loi n\u00b0 2004-575 du 21 juin 2004 pour la confiance dans [&hellip;]\" \/>\n<meta property=\"og:url\" content=\"https:\/\/hopcoeur.fr\/index.php\/mentions-legales\/\" \/>\n<meta property=\"og:site_name\" content=\"HOPCOEUR\" \/>\n<meta property=\"article:modified_time\" content=\"2024-06-11T08:41:41+00:00\" \/>\n<meta name=\"twitter:card\" content=\"summary_large_image\" \/>\n<meta name=\"twitter:label1\" content=\"Dur\u00e9e de lecture estim\u00e9e\" \/>\n\t<meta name=\"twitter:data1\" content=\"4 minutes\" \/>\n<script type=\"application\/ld+json\" class=\"yoast-schema-graph\">{\"@context\":\"https:\/\/schema.org\",\"@graph\":[{\"@type\":\"WebPage\",\"@id\":\"https:\/\/hopcoeur.fr\/index.php\/mentions-legales\/\",\"url\":\"https:\/\/hopcoeur.fr\/index.php\/mentions-legales\/\",\"name\":\"mentions l\u00e9gales - HOPCOEUR\",\"isPartOf\":{\"@id\":\"https:\/\/hopcoeur.fr\/#website\"},\"datePublished\":\"2024-05-27T10:17:25+00:00\",\"dateModified\":\"2024-06-11T08:41:41+00:00\",\"breadcrumb\":{\"@id\":\"https:\/\/hopcoeur.fr\/index.php\/mentions-legales\/#breadcrumb\"},\"inLanguage\":\"fr-FR\",\"potentialAction\":[{\"@type\":\"ReadAction\",\"target\":[\"https:\/\/hopcoeur.fr\/index.php\/mentions-legales\/\"]}]},{\"@type\":\"BreadcrumbList\",\"@id\":\"https:\/\/hopcoeur.fr\/index.php\/mentions-legales\/#breadcrumb\",\"itemListElement\":[{\"@type\":\"ListItem\",\"position\":1,\"name\":\"Accueil\",\"item\":\"https:\/\/hopcoeur.fr\/\"},{\"@type\":\"ListItem\",\"position\":2,\"name\":\"mentions l\u00e9gales\"}]},{\"@type\":\"WebSite\",\"@id\":\"https:\/\/hopcoeur.fr\/#website\",\"url\":\"https:\/\/hopcoeur.fr\/\",\"name\":\"HOPCOEUR\",\"description\":\"accompagnement et coaching pour les professionnels\",\"publisher\":{\"@id\":\"https:\/\/hopcoeur.fr\/#organization\"},\"potentialAction\":[{\"@type\":\"SearchAction\",\"target\":{\"@type\":\"EntryPoint\",\"urlTemplate\":\"https:\/\/hopcoeur.fr\/?s={search_term_string}\"},\"query-input\":{\"@type\":\"PropertyValueSpecification\",\"valueRequired\":true,\"valueName\":\"search_term_string\"}}],\"inLanguage\":\"fr-FR\"},{\"@type\":\"Organization\",\"@id\":\"https:\/\/hopcoeur.fr\/#organization\",\"name\":\"HOPCOEUR\",\"url\":\"https:\/\/hopcoeur.fr\/\",\"logo\":{\"@type\":\"ImageObject\",\"inLanguage\":\"fr-FR\",\"@id\":\"https:\/\/hopcoeur.fr\/#\/schema\/logo\/image\/\",\"url\":\"https:\/\/hopcoeur.fr\/wp-content\/uploads\/2025\/03\/logo-WP.jpg\",\"contentUrl\":\"https:\/\/hopcoeur.fr\/wp-content\/uploads\/2025\/03\/logo-WP.jpg\",\"width\":500,\"height\":500,\"caption\":\"HOPCOEUR\"},\"image\":{\"@id\":\"https:\/\/hopcoeur.fr\/#\/schema\/logo\/image\/\"}}]}<\/script>\n<!-- \/ Yoast SEO plugin. -->","yoast_head_json":{"title":"mentions l\u00e9gales - HOPCOEUR","robots":{"index":"index","follow":"follow","max-snippet":"max-snippet:-1","max-image-preview":"max-image-preview:large","max-video-preview":"max-video-preview:-1"},"canonical":"https:\/\/hopcoeur.fr\/index.php\/mentions-legales\/","og_locale":"fr_FR","og_type":"article","og_title":"mentions l\u00e9gales - HOPCOEUR","og_description":"[vc_row][vc_column width=\u00a0\u00bb1\/1&Prime;][vc_column_text uncode_shortcode_id=\u00a0\u00bb183354&Prime;]En vertu de l\u2019article 6 de la loi n\u00b0 2004-575 du 21 juin 2004 pour la confiance dans [&hellip;]","og_url":"https:\/\/hopcoeur.fr\/index.php\/mentions-legales\/","og_site_name":"HOPCOEUR","article_modified_time":"2024-06-11T08:41:41+00:00","twitter_card":"summary_large_image","twitter_misc":{"Dur\u00e9e de lecture estim\u00e9e":"4 minutes"},"schema":{"@context":"https:\/\/schema.org","@graph":[{"@type":"WebPage","@id":"https:\/\/hopcoeur.fr\/index.php\/mentions-legales\/","url":"https:\/\/hopcoeur.fr\/index.php\/mentions-legales\/","name":"mentions l\u00e9gales - HOPCOEUR","isPartOf":{"@id":"https:\/\/hopcoeur.fr\/#website"},"datePublished":"2024-05-27T10:17:25+00:00","dateModified":"2024-06-11T08:41:41+00:00","breadcrumb":{"@id":"https:\/\/hopcoeur.fr\/index.php\/mentions-legales\/#breadcrumb"},"inLanguage":"fr-FR","potentialAction":[{"@type":"ReadAction","target":["https:\/\/hopcoeur.fr\/index.php\/mentions-legales\/"]}]},{"@type":"BreadcrumbList","@id":"https:\/\/hopcoeur.fr\/index.php\/mentions-legales\/#breadcrumb","itemListElement":[{"@type":"ListItem","position":1,"name":"Accueil","item":"https:\/\/hopcoeur.fr\/"},{"@type":"ListItem","position":2,"name":"mentions l\u00e9gales"}]},{"@type":"WebSite","@id":"https:\/\/hopcoeur.fr\/#website","url":"https:\/\/hopcoeur.fr\/","name":"HOPCOEUR","description":"accompagnement et coaching pour les professionnels","publisher":{"@id":"https:\/\/hopcoeur.fr\/#organization"},"potentialAction":[{"@type":"SearchAction","target":{"@type":"EntryPoint","urlTemplate":"https:\/\/hopcoeur.fr\/?s={search_term_string}"},"query-input":{"@type":"PropertyValueSpecification","valueRequired":true,"valueName":"search_term_string"}}],"inLanguage":"fr-FR"},{"@type":"Organization","@id":"https:\/\/hopcoeur.fr\/#organization","name":"HOPCOEUR","url":"https:\/\/hopcoeur.fr\/","logo":{"@type":"ImageObject","inLanguage":"fr-FR","@id":"https:\/\/hopcoeur.fr\/#\/schema\/logo\/image\/","url":"https:\/\/hopcoeur.fr\/wp-content\/uploads\/2025\/03\/logo-WP.jpg","contentUrl":"https:\/\/hopcoeur.fr\/wp-content\/uploads\/2025\/03\/logo-WP.jpg","width":500,"height":500,"caption":"HOPCOEUR"},"image":{"@id":"https:\/\/hopcoeur.fr\/#\/schema\/logo\/image\/"}}]}},"_links":{"self":[{"href":"https:\/\/hopcoeur.fr\/index.php\/wp-json\/wp\/v2\/pages\/397","targetHints":{"allow":["GET"]}}],"collection":[{"href":"https:\/\/hopcoeur.fr\/index.php\/wp-json\/wp\/v2\/pages"}],"about":[{"href":"https:\/\/hopcoeur.fr\/index.php\/wp-json\/wp\/v2\/types\/page"}],"author":[{"embeddable":true,"href":"https:\/\/hopcoeur.fr\/index.php\/wp-json\/wp\/v2\/users\/1"}],"replies":[{"embeddable":true,"href":"https:\/\/hopcoeur.fr\/index.php\/wp-json\/wp\/v2\/comments?post=397"}],"version-history":[{"count":2,"href":"https:\/\/hopcoeur.fr\/index.php\/wp-json\/wp\/v2\/pages\/397\/revisions"}],"predecessor-version":[{"id":421,"href":"https:\/\/hopcoeur.fr\/index.php\/wp-json\/wp\/v2\/pages\/397\/revisions\/421"}],"wp:attachment":[{"href":"https:\/\/hopcoeur.fr\/index.php\/wp-json\/wp\/v2\/media?parent=397"}],"curies":[{"name":"wp","href":"https:\/\/api.w.org\/{rel}","templated":true}]}}